{"id":33,"date":"2024-05-14T09:24:19","date_gmt":"2024-05-14T07:24:19","guid":{"rendered":"http:\/\/pbdiwxf.cluster023.hosting.ovh.net\/?page_id=33"},"modified":"2024-10-31T13:24:33","modified_gmt":"2024-10-31T11:24:33","slug":"contacto","status":"publish","type":"page","link":"https:\/\/despai.net\/en\/contacto\/","title":{"rendered":"Contact"},"content":{"rendered":"<div data-elementor-type=\"wp-page\" data-elementor-id=\"33\" class=\"elementor elementor-33\" data-elementor-post-type=\"page\">\n\t\t\t\t<div class=\"elementor-element elementor-element-c5ec194 e-con-full e-flex e-con e-parent\" data-id=\"c5ec194\" data-element_type=\"container\" data-settings=\"{&quot;background_background&quot;:&quot;classic&quot;}\">\n\t\t<div class=\"elementor-element elementor-element-3157a7c e-flex e-con-boxed e-con e-child\" data-id=\"3157a7c\" data-element_type=\"container\">\n\t\t\t\t\t<div class=\"e-con-inner\">\n\t\t<div class=\"elementor-element elementor-element-1b7c14f e-con-full e-flex e-con e-child\" data-id=\"1b7c14f\" data-element_type=\"container\">\n\t\t<div class=\"elementor-element elementor-element-5e3a0c6 e-con-full e-flex e-con e-child\" data-id=\"5e3a0c6\" data-element_type=\"container\">\n\t\t<div class=\"elementor-element elementor-element-508668f e-con-full e-flex e-con e-child\" data-id=\"508668f\" data-element_type=\"container\">\n\t\t\t\t<div class=\"elementor-element elementor-element-aefd21c elementor-widget-divider--view-line elementor-widget elementor-widget-divider\" data-id=\"aefd21c\" data-element_type=\"widget\" data-widget_type=\"divider.default\">\n\t\t\t\t<div class=\"elementor-widget-container\">\n\t\t\t\t\t<div class=\"elementor-divider\">\n\t\t\t<span class=\"elementor-divider-separator\">\n\t\t\t\t\t\t<\/span>\n\t\t<\/div>\n\t\t\t\t<\/div>\n\t\t\t\t<\/div>\n\t\t\t\t<\/div>\n\t\t<div class=\"elementor-element elementor-element-5428ee0 e-con-full e-flex e-con e-child\" data-id=\"5428ee0\" data-element_type=\"container\">\n\t\t\t\t<div class=\"elementor-element elementor-element-52bd2d5 elementor-widget elementor-widget-heading\" data-id=\"52bd2d5\" data-element_type=\"widget\" data-widget_type=\"heading.default\">\n\t\t\t\t<div class=\"elementor-widget-container\">\n\t\t\t<h2 class=\"elementor-heading-title elementor-size-default\">Contact Us<\/h2>\t\t<\/div>\n\t\t\t\t<\/div>\n\t\t\t\t<\/div>\n\t\t\t\t<\/div>\n\t\t\t\t<\/div>\n\t\t<div class=\"elementor-element elementor-element-4dba411 e-con-full e-flex e-con e-child\" data-id=\"4dba411\" data-element_type=\"container\">\n\t\t<div class=\"elementor-element elementor-element-b42c39e e-con-full e-flex e-con e-child\" data-id=\"b42c39e\" data-element_type=\"container\">\n\t\t\t\t<div class=\"elementor-element elementor-element-670d803 elementor-widget elementor-widget-heading\" data-id=\"670d803\" data-element_type=\"widget\" data-widget_type=\"heading.default\">\n\t\t\t\t<div class=\"elementor-widget-container\">\n\t\t\t<h2 class=\"elementor-heading-title elementor-size-default\">Location<\/h2>\t\t<\/div>\n\t\t\t\t<\/div>\n\t\t\t\t<div class=\"elementor-element elementor-element-420f05c elementor-widget elementor-widget-text-editor\" data-id=\"420f05c\" data-element_type=\"widget\" data-widget_type=\"text-editor.default\">\n\t\t\t\t<div class=\"elementor-widget-container\">\n\t\t\t\t\t\t\t<p>Carrer Concepci\u00f3n Arenal, 104,<br \/>4\u00baD, 03204 Elche, Alicante<\/p>\t\t\t\t\t\t<\/div>\n\t\t\t\t<\/div>\n\t\t\t\t<div class=\"elementor-element elementor-element-58b3df4 elementor-widget elementor-widget-button\" data-id=\"58b3df4\" data-element_type=\"widget\" data-widget_type=\"button.default\">\n\t\t\t\t<div class=\"elementor-widget-container\">\n\t\t\t\t\t\t\t<div class=\"elementor-button-wrapper\">\n\t\t\t\t\t<a class=\"elementor-button elementor-button-link elementor-size-sm\" href=\"https:\/\/maps.app.goo.gl\/cYKYYpZainbbErY59\" target=\"_blank\">\n\t\t\t\t\t\t<span class=\"elementor-button-content-wrapper\">\n\t\t\t\t\t\t\t\t\t<span class=\"elementor-button-text\">Google Maps<\/span>\n\t\t\t\t\t<\/span>\n\t\t\t\t\t<\/a>\n\t\t\t\t<\/div>\n\t\t\t\t\t\t<\/div>\n\t\t\t\t<\/div>\n\t\t\t\t<\/div>\n\t\t<div class=\"elementor-element elementor-element-1e1228b e-con-full e-flex e-con e-child\" data-id=\"1e1228b\" data-element_type=\"container\">\n\t\t\t\t<div class=\"elementor-element elementor-element-ecdfbb1 elementor-widget elementor-widget-heading\" data-id=\"ecdfbb1\" data-element_type=\"widget\" data-widget_type=\"heading.default\">\n\t\t\t\t<div class=\"elementor-widget-container\">\n\t\t\t<h2 class=\"elementor-heading-title elementor-size-default\">Contact<\/h2>\t\t<\/div>\n\t\t\t\t<\/div>\n\t\t\t\t<div class=\"elementor-element elementor-element-bbef59b elementor-align-left elementor-icon-list--layout-traditional elementor-list-item-link-full_width elementor-widget elementor-widget-icon-list\" data-id=\"bbef59b\" data-element_type=\"widget\" data-widget_type=\"icon-list.default\">\n\t\t\t\t<div class=\"elementor-widget-container\">\n\t\t\t\t\t<ul class=\"elementor-icon-list-items\">\n\t\t\t\t\t\t\t<li class=\"elementor-icon-list-item\">\n\t\t\t\t\t\t\t\t\t\t\t<a href=\"tel: 34865521137\">\n\n\t\t\t\t\t\t\t\t\t\t\t\t<span class=\"elementor-icon-list-icon\">\n\t\t\t\t\t\t\t<svg aria-hidden=\"true\" class=\"e-font-icon-svg e-fas-phone-alt\" viewbox=\"0 0 512 512\" xmlns=\"http:\/\/www.w3.org\/2000\/svg\"><path d=\"M497.39 361.8l-112-48a24 24 0 0 0-28 6.9l-49.6 60.6A370.66 370.66 0 0 1 130.6 204.11l60.6-49.6a23.94 23.94 0 0 0 6.9-28l-48-112A24.16 24.16 0 0 0 122.6.61l-104 24A24 24 0 0 0 0 48c0 256.5 207.9 464 464 464a24 24 0 0 0 23.4-18.6l24-104a24.29 24.29 0 0 0-14.01-27.6z\"><\/path><\/svg>\t\t\t\t\t\t<\/span>\n\t\t\t\t\t\t\t\t\t\t<span class=\"elementor-icon-list-text\">865 52 11 37<\/span>\n\t\t\t\t\t\t\t\t\t\t\t<\/a>\n\t\t\t\t\t\t\t\t\t<\/li>\n\t\t\t\t\t\t\t\t<li class=\"elementor-icon-list-item\">\n\t\t\t\t\t\t\t\t\t\t\t<a href=\"tel: 34616942081\">\n\n\t\t\t\t\t\t\t\t\t\t\t\t<span class=\"elementor-icon-list-icon\">\n\t\t\t\t\t\t\t<svg aria-hidden=\"true\" class=\"e-font-icon-svg e-fas-phone-alt\" viewbox=\"0 0 512 512\" xmlns=\"http:\/\/www.w3.org\/2000\/svg\"><path d=\"M497.39 361.8l-112-48a24 24 0 0 0-28 6.9l-49.6 60.6A370.66 370.66 0 0 1 130.6 204.11l60.6-49.6a23.94 23.94 0 0 0 6.9-28l-48-112A24.16 24.16 0 0 0 122.6.61l-104 24A24 24 0 0 0 0 48c0 256.5 207.9 464 464 464a24 24 0 0 0 23.4-18.6l24-104a24.29 24.29 0 0 0-14.01-27.6z\"><\/path><\/svg>\t\t\t\t\t\t<\/span>\n\t\t\t\t\t\t\t\t\t\t<span class=\"elementor-icon-list-text\">616 94 20 81<\/span>\n\t\t\t\t\t\t\t\t\t\t\t<\/a>\n\t\t\t\t\t\t\t\t\t<\/li>\n\t\t\t\t\t\t\t\t<li class=\"elementor-icon-list-item\">\n\t\t\t\t\t\t\t\t\t\t\t<a href=\"mailto: contacto@despai.net\">\n\n\t\t\t\t\t\t\t\t\t\t\t\t<span class=\"elementor-icon-list-icon\">\n\t\t\t\t\t\t\t<svg aria-hidden=\"true\" class=\"e-font-icon-svg e-far-envelope\" viewbox=\"0 0 512 512\" xmlns=\"http:\/\/www.w3.org\/2000\/svg\"><path d=\"M464 64H48C21.49 64 0 85.49 0 112v288c0 26.51 21.49 48 48 48h416c26.51 0 48-21.49 48-48V112c0-26.51-21.49-48-48-48zm0 48v40.805c-22.422 18.259-58.168 46.651-134.587 106.49-16.841 13.247-50.201 45.072-73.413 44.701-23.208.375-56.579-31.459-73.413-44.701C106.18 199.465 70.425 171.067 48 152.805V112h416zM48 400V214.398c22.914 18.251 55.409 43.862 104.938 82.646 21.857 17.205 60.134 55.186 103.062 54.955 42.717.231 80.509-37.199 103.053-54.947 49.528-38.783 82.032-64.401 104.947-82.653V400H48z\"><\/path><\/svg>\t\t\t\t\t\t<\/span>\n\t\t\t\t\t\t\t\t\t\t<span class=\"elementor-icon-list-text\">contacto@despai.net<\/span>\n\t\t\t\t\t\t\t\t\t\t\t<\/a>\n\t\t\t\t\t\t\t\t\t<\/li>\n\t\t\t\t\t\t<\/ul>\n\t\t\t\t<\/div>\n\t\t\t\t<\/div>\n\t\t\t\t<\/div>\n\t\t\t\t<\/div>\n\t\t<div class=\"elementor-element elementor-element-7b2c525 e-con-full e-flex e-con e-child\" data-id=\"7b2c525\" data-element_type=\"container\">\n\t\t\t\t<div class=\"elementor-element elementor-element-0ed591d elementor-button-align-stretch elementor-widget elementor-widget-form\" data-id=\"0ed591d\" data-element_type=\"widget\" data-settings=\"{&quot;button_width&quot;:&quot;30&quot;,&quot;step_next_label&quot;:&quot;Siguiente&quot;,&quot;step_previous_label&quot;:&quot;Anterior&quot;,&quot;step_type&quot;:&quot;number_text&quot;,&quot;step_icon_shape&quot;:&quot;circle&quot;}\" data-widget_type=\"form.default\">\n\t\t\t\t<div class=\"elementor-widget-container\">\n\t\t\t\t\t<form class=\"elementor-form\" method=\"post\" name=\"Nuevo formulario\">\n\t\t\t<input type=\"hidden\" name=\"post_id\" value=\"33\"\/>\n\t\t\t<input type=\"hidden\" name=\"form_id\" value=\"0ed591d\"\/>\n\t\t\t<input type=\"hidden\" name=\"referer_title\" value=\"Despai.net\" \/>\n\n\t\t\t\n\t\t\t<div class=\"elementor-form-fields-wrapper elementor-labels-\">\n\t\t\t\t\t\t\t\t<div class=\"elementor-field-type-text elementor-field-group elementor-column elementor-field-group-name elementor-col-100\">\n\t\t\t\t\t\t\t\t\t\t\t\t<label for=\"form-field-name\" class=\"elementor-field-label elementor-screen-only\">\n\t\t\t\t\t\t\t\tName\t\t\t\t\t\t\t<\/label>\n\t\t\t\t\t\t\t\t\t\t\t\t\t\t<input size=\"1\" type=\"text\" name=\"form_fields[name]\" id=\"form-field-name\" class=\"elementor-field elementor-size-md  elementor-field-textual\" placeholder=\"Name\">\n\t\t\t\t\t\t\t\t\t\t\t<\/div>\n\t\t\t\t\t\t\t\t<div class=\"elementor-field-type-email elementor-field-group elementor-column elementor-field-group-email elementor-col-50 elementor-field-required\">\n\t\t\t\t\t\t\t\t\t\t\t\t<label for=\"form-field-email\" class=\"elementor-field-label elementor-screen-only\">\n\t\t\t\t\t\t\t\tEmail\t\t\t\t\t\t\t<\/label>\n\t\t\t\t\t\t\t\t\t\t\t\t\t\t<input size=\"1\" type=\"email\" name=\"form_fields[email]\" id=\"form-field-email\" class=\"elementor-field elementor-size-md  elementor-field-textual\" placeholder=\"Email\" required=\"required\" aria-required=\"true\">\n\t\t\t\t\t\t\t\t\t\t\t<\/div>\n\t\t\t\t\t\t\t\t<div class=\"elementor-field-type-text elementor-field-group elementor-column elementor-field-group-field_b46229b elementor-col-50\">\n\t\t\t\t\t\t\t\t\t\t\t\t<label for=\"form-field-field_b46229b\" class=\"elementor-field-label elementor-screen-only\">\n\t\t\t\t\t\t\t\tTown\t\t\t\t\t\t\t<\/label>\n\t\t\t\t\t\t\t\t\t\t\t\t\t\t<input size=\"1\" type=\"text\" name=\"form_fields[field_b46229b]\" id=\"form-field-field_b46229b\" class=\"elementor-field elementor-size-md  elementor-field-textual\" placeholder=\"Town\">\n\t\t\t\t\t\t\t\t\t\t\t<\/div>\n\t\t\t\t\t\t\t\t<div class=\"elementor-field-type-select elementor-field-group elementor-column elementor-field-group-field_da1437b elementor-col-100 elementor-field-required\">\n\t\t\t\t\t\t\t\t\t\t\t\t<label for=\"form-field-field_da1437b\" class=\"elementor-field-label elementor-screen-only\">\n\t\t\t\t\t\t\t\tInterested service\t\t\t\t\t\t\t<\/label>\n\t\t\t\t\t\t\t\t<div class=\"elementor-field elementor-select-wrapper remove-before\">\n\t\t\t<div class=\"select-caret-down-wrapper\">\n\t\t\t\t<svg aria-hidden=\"true\" class=\"e-font-icon-svg e-eicon-caret-down\" viewbox=\"0 0 571.4 571.4\" xmlns=\"http:\/\/www.w3.org\/2000\/svg\"><path d=\"M571 393Q571 407 561 418L311 668Q300 679 286 679T261 668L11 418Q0 407 0 393T11 368 36 357H536Q550 357 561 368T571 393Z\"><\/path><\/svg>\t\t\t<\/div>\n\t\t\t<select name=\"form_fields[field_da1437b]\" id=\"form-field-field_da1437b\" class=\"elementor-field-textual elementor-size-md\" required=\"required\" aria-required=\"true\">\n\t\t\t\t\t\t\t\t\t<option value=\" Certificados de habitabilidad y 2\u00aa ocupaci\u00f3n\">Interested service <\/option>\n\t\t\t\t\t\t\t\t\t<option value=\"Certificados de eficiencia energ\u00e9tica\">Energy performance certificates<\/option>\n\t\t\t\t\t\t\t\t\t<option value=\"Certificados para legalizaci\u00f3n de construcciones e inmuebles\">Certificates for the legalisation of real estate<\/option>\n\t\t\t\t\t\t\t\t\t<option value=\"Alteraciones o rectificaci\u00f3n de los datos catastrales de los inmuebles.\">Alterations or rectification of cadastral data of properties<\/option>\n\t\t\t\t\t\t\t\t\t<option value=\"Licencias de negocios \/ establecimientos\">Business\/establishment licences<\/option>\n\t\t\t\t\t\t\t\t\t<option value=\"Medici\u00f3n de inmuebles y terrenos\">Measurement of real estate and land<\/option>\n\t\t\t\t\t\t\t\t\t<option value=\"Informes periciales de inmuebles\">Expert reports on real estate<\/option>\n\t\t\t\t\t\t\t\t\t<option value=\"Proyectos de reformas y ampliaci\u00f3n\">Refurbishment and extension projects<\/option>\n\t\t\t\t\t\t\t\t\t<option value=\"Licencias de viviendas de uso tur\u00edstico\">Licences for dwellings for tourist use<\/option>\n\t\t\t\t\t\t\t\t\t<option value=\"Proyectos de cambio de uso\">Change of use projects<\/option>\n\t\t\t\t\t\t\t\t\t<option value=\"Otro\">Other<\/option>\n\t\t\t\t\t\t\t<\/select>\n\t\t<\/div>\n\t\t\t\t\t\t<\/div>\n\t\t\t\t\t\t\t\t<div class=\"elementor-field-type-textarea elementor-field-group elementor-column elementor-field-group-message elementor-col-100\">\n\t\t\t\t\t\t\t\t\t\t\t\t<label for=\"form-field-message\" class=\"elementor-field-label elementor-screen-only\">\n\t\t\t\t\t\t\t\tTell us more about your project\t\t\t\t\t\t\t<\/label>\n\t\t\t\t\t\t<textarea class=\"elementor-field-textual elementor-field  elementor-size-md\" name=\"form_fields[message]\" id=\"form-field-message\" rows=\"4\" placeholder=\"Tell us more about your project\"><\/textarea>\t\t\t\t<\/div>\n\t\t\t\t\t\t\t\t<div class=\"elementor-field-type-acceptance elementor-field-group elementor-column elementor-field-group-field_31c1498 elementor-col-100 elementor-field-required\">\n\t\t\t\t\t\t\t\t\t\t\t\t<label for=\"form-field-field_31c1498\" class=\"elementor-field-label elementor-screen-only\">\n\t\t\t\t\t\t\t\tPrivacy Policy\t\t\t\t\t\t\t<\/label>\n\t\t\t\t\t\t\t\t<div class=\"elementor-field-subgroup\">\n\t\t\t<span class=\"elementor-field-option\">\n\t\t\t\t<input type=\"checkbox\" name=\"form_fields[field_31c1498]\" id=\"form-field-field_31c1498\" class=\"elementor-field elementor-size-md  elementor-acceptance-field\" required=\"required\" aria-required=\"true\">\n\t\t\t\t<label for=\"form-field-field_31c1498\">I accept <a style=\"color: #DC1315;\" href=\"\/en\/politica-privacidad\/\">Privacy Policy<\/a> and the management of my personal data<\/label>\t\t\t<\/span>\n\t\t<\/div>\n\t\t\t\t\t\t<\/div>\n\t\t\t\t\t\t\t\t<div class=\"elementor-field-type-recaptcha_v3 elementor-field-group elementor-column elementor-field-group-field_bd253bc elementor-col-100 recaptcha_v3-bottomright\">\n\t\t\t\t\t<div class=\"elementor-field\" id=\"form-field-field_bd253bc\"><div class=\"elementor-g-recaptcha\" data-sitekey=\"6LdTeXEqAAAAANWBwxkzB0MYHb7hY_BEHXm1fgrk\" data-type=\"v3\" data-action=\"Form\" data-badge=\"bottomright\" data-size=\"invisible\"><\/div><\/div>\t\t\t\t<\/div>\n\t\t\t\t\t\t\t\t<div class=\"elementor-field-group elementor-column elementor-field-type-submit elementor-col-30 e-form__buttons\">\n\t\t\t\t\t<button class=\"elementor-button elementor-size-sm\" type=\"submit\">\n\t\t\t\t\t\t<span class=\"elementor-button-content-wrapper\">\n\t\t\t\t\t\t\t\t\t\t\t\t\t\t\t\t\t\t\t\t\t\t<span class=\"elementor-button-text\">Send<\/span>\n\t\t\t\t\t\t\t\t\t\t\t\t\t<\/span>\n\t\t\t\t\t<\/button>\n\t\t\t\t<\/div>\n\t\t\t<\/div>\n\t\t<input type=\"hidden\" name=\"trp-form-language\" value=\"en\"\/><\/form>\n\t\t\t\t<\/div>\n\t\t\t\t<\/div>\n\t\t\t\t<\/div>\n\t\t\t\t\t<\/div>\n\t\t\t\t<\/div>\n\t\t\t\t<\/div>\n\t\t\t\t<\/div>","protected":false},"excerpt":{"rendered":"<p>CONT\u00c1CTANOS Ubicaci\u00f3n Carrer Concepci\u00f3n Arenal, 104,4\u00baD, 03204 Elche, Alicante Google Maps Contacto 865 52 11 37 616 94 20 81 contacto@despai.net<\/p>","protected":false},"author":2,"featured_media":312,"parent":0,"menu_order":0,"comment_status":"closed","ping_status":"closed","template":"elementor_header_footer","meta":{"_acf_changed":false,"footnotes":""},"class_list":["post-33","page","type-page","status-publish","has-post-thumbnail","hentry"],"acf":[],"yoast_head":"<!-- This site is optimized with the Yoast SEO plugin v23.8 - https:\/\/yoast.com\/wordpress\/plugins\/seo\/ -->\n<title>Contacto - Despai.net<\/title>\n<meta name=\"description\" content=\"En DeSpai dise\u00f1amos tu espacio \u00fanico. Contacta con nosotros y te informaremos de todo lo que necesites saber.\" \/>\n<meta name=\"robots\" content=\"index, follow, max-snippet:-1, max-image-preview:large, max-video-preview:-1\" \/>\n<link rel=\"canonical\" href=\"https:\/\/despai.net\/en\/contacto\/\" \/>\n<meta property=\"og:locale\" content=\"en_GB\" \/>\n<meta property=\"og:type\" content=\"article\" \/>\n<meta property=\"og:title\" content=\"Contacto - Despai.net\" \/>\n<meta property=\"og:description\" content=\"En DeSpai dise\u00f1amos tu espacio \u00fanico. Contacta con nosotros y te informaremos de todo lo que necesites saber.\" \/>\n<meta property=\"og:url\" content=\"https:\/\/despai.net\/en\/contacto\/\" \/>\n<meta property=\"og:site_name\" content=\"Despai.net\" \/>\n<meta property=\"article:modified_time\" content=\"2024-10-31T11:24:33+00:00\" \/>\n<meta property=\"og:image\" content=\"https:\/\/despai.net\/wp-content\/uploads\/2024\/05\/Favicon.png\" \/>\n\t<meta property=\"og:image:width\" content=\"513\" \/>\n\t<meta property=\"og:image:height\" content=\"513\" \/>\n\t<meta property=\"og:image:type\" content=\"image\/png\" \/>\n<meta name=\"twitter:card\" content=\"summary_large_image\" \/>\n<meta name=\"twitter:label1\" content=\"Estimated reading time\" \/>\n\t<meta name=\"twitter:data1\" content=\"1 minute\" \/>\n<script type=\"application\/ld+json\" class=\"yoast-schema-graph\">{\"@context\":\"https:\/\/schema.org\",\"@graph\":[{\"@type\":\"WebPage\",\"@id\":\"https:\/\/despai.net\/contacto\/\",\"url\":\"https:\/\/despai.net\/contacto\/\",\"name\":\"Contacto - Despai.net\",\"isPartOf\":{\"@id\":\"https:\/\/despai.net\/#website\"},\"primaryImageOfPage\":{\"@id\":\"https:\/\/despai.net\/contacto\/#primaryimage\"},\"image\":{\"@id\":\"https:\/\/despai.net\/contacto\/#primaryimage\"},\"thumbnailUrl\":\"https:\/\/despai.net\/wp-content\/uploads\/2024\/05\/Favicon.png\",\"datePublished\":\"2024-05-14T07:24:19+00:00\",\"dateModified\":\"2024-10-31T11:24:33+00:00\",\"description\":\"En DeSpai dise\u00f1amos tu espacio \u00fanico. Contacta con nosotros y te informaremos de todo lo que necesites saber.\",\"breadcrumb\":{\"@id\":\"https:\/\/despai.net\/contacto\/#breadcrumb\"},\"inLanguage\":\"en-GB\",\"potentialAction\":[{\"@type\":\"ReadAction\",\"target\":[\"https:\/\/despai.net\/contacto\/\"]}]},{\"@type\":\"ImageObject\",\"inLanguage\":\"en-GB\",\"@id\":\"https:\/\/despai.net\/contacto\/#primaryimage\",\"url\":\"https:\/\/despai.net\/wp-content\/uploads\/2024\/05\/Favicon.png\",\"contentUrl\":\"https:\/\/despai.net\/wp-content\/uploads\/2024\/05\/Favicon.png\",\"width\":513,\"height\":513},{\"@type\":\"BreadcrumbList\",\"@id\":\"https:\/\/despai.net\/contacto\/#breadcrumb\",\"itemListElement\":[{\"@type\":\"ListItem\",\"position\":1,\"name\":\"Portada\",\"item\":\"https:\/\/despai.net\/\"},{\"@type\":\"ListItem\",\"position\":2,\"name\":\"Contacto\"}]},{\"@type\":\"WebSite\",\"@id\":\"https:\/\/despai.net\/#website\",\"url\":\"https:\/\/despai.net\/\",\"name\":\"Despai.net\",\"description\":\"Arquitectura e ingenier\u00eda\",\"publisher\":{\"@id\":\"https:\/\/despai.net\/#organization\"},\"alternateName\":\"Despai\",\"potentialAction\":[{\"@type\":\"SearchAction\",\"target\":{\"@type\":\"EntryPoint\",\"urlTemplate\":\"https:\/\/despai.net\/?s={search_term_string}\"},\"query-input\":{\"@type\":\"PropertyValueSpecification\",\"valueRequired\":true,\"valueName\":\"search_term_string\"}}],\"inLanguage\":\"en-GB\"},{\"@type\":\"Organization\",\"@id\":\"https:\/\/despai.net\/#organization\",\"name\":\"Despai.net\",\"alternateName\":\"Despai\",\"url\":\"https:\/\/despai.net\/\",\"logo\":{\"@type\":\"ImageObject\",\"inLanguage\":\"en-GB\",\"@id\":\"https:\/\/despai.net\/#\/schema\/logo\/image\/\",\"url\":\"https:\/\/despai.net\/wp-content\/uploads\/2024\/05\/Logo-despai.svg\",\"contentUrl\":\"https:\/\/despai.net\/wp-content\/uploads\/2024\/05\/Logo-despai.svg\",\"width\":591,\"height\":161,\"caption\":\"Despai.net\"},\"image\":{\"@id\":\"https:\/\/despai.net\/#\/schema\/logo\/image\/\"}}]}<\/script>\n<!-- \/ Yoast SEO plugin. -->","yoast_head_json":{"title":"Contacto - Despai.net","description":"En DeSpai dise\u00f1amos tu espacio \u00fanico. Contacta con nosotros y te informaremos de todo lo que necesites saber.","robots":{"index":"index","follow":"follow","max-snippet":"max-snippet:-1","max-image-preview":"max-image-preview:large","max-video-preview":"max-video-preview:-1"},"canonical":"https:\/\/despai.net\/en\/contacto\/","og_locale":"en_GB","og_type":"article","og_title":"Contacto - Despai.net","og_description":"En DeSpai dise\u00f1amos tu espacio \u00fanico. Contacta con nosotros y te informaremos de todo lo que necesites saber.","og_url":"https:\/\/despai.net\/en\/contacto\/","og_site_name":"Despai.net","article_modified_time":"2024-10-31T11:24:33+00:00","og_image":[{"width":513,"height":513,"url":"https:\/\/despai.net\/wp-content\/uploads\/2024\/05\/Favicon.png","type":"image\/png"}],"twitter_card":"summary_large_image","twitter_misc":{"Estimated reading time":"1 minute"},"schema":{"@context":"https:\/\/schema.org","@graph":[{"@type":"WebPage","@id":"https:\/\/despai.net\/contacto\/","url":"https:\/\/despai.net\/contacto\/","name":"Contacto - Despai.net","isPartOf":{"@id":"https:\/\/despai.net\/#website"},"primaryImageOfPage":{"@id":"https:\/\/despai.net\/contacto\/#primaryimage"},"image":{"@id":"https:\/\/despai.net\/contacto\/#primaryimage"},"thumbnailUrl":"https:\/\/despai.net\/wp-content\/uploads\/2024\/05\/Favicon.png","datePublished":"2024-05-14T07:24:19+00:00","dateModified":"2024-10-31T11:24:33+00:00","description":"En DeSpai dise\u00f1amos tu espacio \u00fanico. Contacta con nosotros y te informaremos de todo lo que necesites saber.","breadcrumb":{"@id":"https:\/\/despai.net\/contacto\/#breadcrumb"},"inLanguage":"en-GB","potentialAction":[{"@type":"ReadAction","target":["https:\/\/despai.net\/contacto\/"]}]},{"@type":"ImageObject","inLanguage":"en-GB","@id":"https:\/\/despai.net\/contacto\/#primaryimage","url":"https:\/\/despai.net\/wp-content\/uploads\/2024\/05\/Favicon.png","contentUrl":"https:\/\/despai.net\/wp-content\/uploads\/2024\/05\/Favicon.png","width":513,"height":513},{"@type":"BreadcrumbList","@id":"https:\/\/despai.net\/contacto\/#breadcrumb","itemListElement":[{"@type":"ListItem","position":1,"name":"Portada","item":"https:\/\/despai.net\/"},{"@type":"ListItem","position":2,"name":"Contacto"}]},{"@type":"WebSite","@id":"https:\/\/despai.net\/#website","url":"https:\/\/despai.net\/","name":"Despai.net","description":"Arquitectura e ingenier\u00eda","publisher":{"@id":"https:\/\/despai.net\/#organization"},"alternateName":"Despai","potentialAction":[{"@type":"SearchAction","target":{"@type":"EntryPoint","urlTemplate":"https:\/\/despai.net\/?s={search_term_string}"},"query-input":{"@type":"PropertyValueSpecification","valueRequired":true,"valueName":"search_term_string"}}],"inLanguage":"en-GB"},{"@type":"Organization","@id":"https:\/\/despai.net\/#organization","name":"Despai.net","alternateName":"Despai","url":"https:\/\/despai.net\/","logo":{"@type":"ImageObject","inLanguage":"en-GB","@id":"https:\/\/despai.net\/#\/schema\/logo\/image\/","url":"https:\/\/despai.net\/wp-content\/uploads\/2024\/05\/Logo-despai.svg","contentUrl":"https:\/\/despai.net\/wp-content\/uploads\/2024\/05\/Logo-despai.svg","width":591,"height":161,"caption":"Despai.net"},"image":{"@id":"https:\/\/despai.net\/#\/schema\/logo\/image\/"}}]}},"_links":{"self":[{"href":"https:\/\/despai.net\/en\/wp-json\/wp\/v2\/pages\/33","targetHints":{"allow":["GET"]}}],"collection":[{"href":"https:\/\/despai.net\/en\/wp-json\/wp\/v2\/pages"}],"about":[{"href":"https:\/\/despai.net\/en\/wp-json\/wp\/v2\/types\/page"}],"author":[{"embeddable":true,"href":"https:\/\/despai.net\/en\/wp-json\/wp\/v2\/users\/2"}],"replies":[{"embeddable":true,"href":"https:\/\/despai.net\/en\/wp-json\/wp\/v2\/comments?post=33"}],"version-history":[{"count":64,"href":"https:\/\/despai.net\/en\/wp-json\/wp\/v2\/pages\/33\/revisions"}],"predecessor-version":[{"id":796,"href":"https:\/\/despai.net\/en\/wp-json\/wp\/v2\/pages\/33\/revisions\/796"}],"wp:featuredmedia":[{"embeddable":true,"href":"https:\/\/despai.net\/en\/wp-json\/wp\/v2\/media\/312"}],"wp:attachment":[{"href":"https:\/\/despai.net\/en\/wp-json\/wp\/v2\/media?parent=33"}],"curies":[{"name":"wp","href":"https:\/\/api.w.org\/{rel}","templated":true}]}}