{"id":239,"date":"2024-05-20T10:31:09","date_gmt":"2024-05-20T08:31:09","guid":{"rendered":"http:\/\/pbdiwxf.cluster023.hosting.ovh.net\/?page_id=239"},"modified":"2024-10-31T10:26:25","modified_gmt":"2024-10-31T08:26:25","slug":"nosotros","status":"publish","type":"page","link":"https:\/\/despai.net\/en\/nosotros\/","title":{"rendered":"Our team"},"content":{"rendered":"<div data-elementor-type=\"wp-page\" data-elementor-id=\"239\" class=\"elementor elementor-239\" data-elementor-post-type=\"page\">\n\t\t\t\t<div class=\"elementor-element elementor-element-18e0520 e-con-full e-flex e-con e-parent\" data-id=\"18e0520\" data-element_type=\"container\" data-settings=\"{&quot;background_background&quot;:&quot;classic&quot;}\">\n\t\t<div class=\"elementor-element elementor-element-1477a01 e-con-full e-flex e-con e-child\" data-id=\"1477a01\" data-element_type=\"container\" data-settings=\"{&quot;background_background&quot;:&quot;classic&quot;}\">\n\t\t\t\t<\/div>\n\t\t<div class=\"elementor-element elementor-element-6fe16c0 e-con-full e-flex e-con e-child\" data-id=\"6fe16c0\" data-element_type=\"container\" data-settings=\"{&quot;background_background&quot;:&quot;classic&quot;}\">\n\t\t<div class=\"elementor-element elementor-element-10c4319 e-con-full e-flex e-con e-child\" data-id=\"10c4319\" data-element_type=\"container\" data-settings=\"{&quot;background_background&quot;:&quot;classic&quot;}\">\n\t\t\t\t<div class=\"elementor-element elementor-element-e26004b elementor-widget elementor-widget-heading\" data-id=\"e26004b\" data-element_type=\"widget\" data-widget_type=\"heading.default\">\n\t\t\t\t<div class=\"elementor-widget-container\">\n\t\t\t<h2 class=\"elementor-heading-title elementor-size-default\">\nAbout US<\/h2>\t\t<\/div>\n\t\t\t\t<\/div>\n\t\t\t\t<div class=\"elementor-element elementor-element-1dd9f61 elementor-widget elementor-widget-heading\" data-id=\"1dd9f61\" data-element_type=\"widget\" data-widget_type=\"heading.default\">\n\t\t\t\t<div class=\"elementor-widget-container\">\n\t\t\t<h2 class=\"elementor-heading-title elementor-size-default\">PROFILE OF THE TECHNICAL TEAM<\/h2>\t\t<\/div>\n\t\t\t\t<\/div>\n\t\t\t\t<div class=\"elementor-element elementor-element-2ae7257 elementor-widget elementor-widget-text-editor\" data-id=\"2ae7257\" data-element_type=\"widget\" data-widget_type=\"text-editor.default\">\n\t\t\t\t<div class=\"elementor-widget-container\">\n\t\t\t\t\t\t\t<p>D<span style=\"color: #ff0000;\">e<\/span>SPAI Arquitectura e Ingenier\u00eda, was born as an initiative of a team of technicians specialised in the development of projects and activities encompassed within civil infrastructures and residential and industrial buildings.<\/p><p>With the passing of the years and the search for the best options, the studio's aim continues to be the integral management of the project, going beyond the technical aspect and optimising resources in terms of cost, time and quality in a way that is reflected in the satisfaction of the client. One of our main characteristics is the flexibility to carry out the ideas, contemplating all the needs and requirements of each person.<\/p><p>Formed by a technical team of Engineers and Architects with proven experience in the Services sector, D<span style=\"color: #ff0000;\">e<\/span>SPAI Architecture and Engineering can take care of any of the following procedures<\/p>\t\t\t\t\t\t<\/div>\n\t\t\t\t<\/div>\n\t\t\t\t<div class=\"elementor-element elementor-element-50e1c7a elementor-align-left elementor-widget elementor-widget-button\" data-id=\"50e1c7a\" data-element_type=\"widget\" data-widget_type=\"button.default\">\n\t\t\t\t<div class=\"elementor-widget-container\">\n\t\t\t\t\t\t\t<div class=\"elementor-button-wrapper\">\n\t\t\t\t\t<a class=\"elementor-button elementor-button-link elementor-size-sm\" href=\"\/en\/servicios\/\">\n\t\t\t\t\t\t<span class=\"elementor-button-content-wrapper\">\n\t\t\t\t\t\t\t\t\t<span class=\"elementor-button-text\">Our services<\/span>\n\t\t\t\t\t<\/span>\n\t\t\t\t\t<\/a>\n\t\t\t\t<\/div>\n\t\t\t\t\t\t<\/div>\n\t\t\t\t<\/div>\n\t\t\t\t<\/div>\n\t\t\t\t<\/div>\n\t\t\t\t<\/div>\n\t\t<div class=\"elementor-element elementor-element-d9860e7 e-flex e-con-boxed e-con e-parent\" data-id=\"d9860e7\" data-element_type=\"container\" data-settings=\"{&quot;background_background&quot;:&quot;classic&quot;}\">\n\t\t\t\t\t<div class=\"e-con-inner\">\n\t\t\t\t<div class=\"elementor-element elementor-element-7aa4401 elementor-widget elementor-widget-heading\" data-id=\"7aa4401\" data-element_type=\"widget\" data-widget_type=\"heading.default\">\n\t\t\t\t<div class=\"elementor-widget-container\">\n\t\t\t<h2 class=\"elementor-heading-title elementor-size-default\">TECHNICAL TEAM<\/h2>\t\t<\/div>\n\t\t\t\t<\/div>\n\t\t<div class=\"elementor-element elementor-element-152ae19 e-con-full e-flex e-con e-child\" data-id=\"152ae19\" data-element_type=\"container\">\n\t\t<div class=\"elementor-element elementor-element-63143d6 e-con-full e-flex e-con e-child\" data-id=\"63143d6\" data-element_type=\"container\">\n\t\t\t\t<div class=\"elementor-element elementor-element-62adf0c elementor-widget elementor-widget-heading\" data-id=\"62adf0c\" data-element_type=\"widget\" data-widget_type=\"heading.default\">\n\t\t\t\t<div class=\"elementor-widget-container\">\n\t\t\t<h3 class=\"elementor-heading-title elementor-size-default\">ANTONIO CAMPELLO ASENCIO<\/h3>\t\t<\/div>\n\t\t\t\t<\/div>\n\t\t\t\t<div class=\"elementor-element elementor-element-c779bc5 elementor-widget elementor-widget-text-editor\" data-id=\"c779bc5\" data-element_type=\"widget\" data-widget_type=\"text-editor.default\">\n\t\t\t\t<div class=\"elementor-widget-container\">\n\t\t\t\t\t\t\t<p>Civil Engineer and Technical Engineer by the Polytechnic School of the University of Alicante, whose speciality is civil construction and who has developed industrial building works, reforms and infrastructures.<\/p><p>Member 17.949 of the Colegio de Ingenieros Civiles, he has been practising as an engineer since 2002 and is an expert in the field of technical certificates, cadastral alterations and commercial activity projects in the province of Alicante and Murcia.<\/p>\t\t\t\t\t\t<\/div>\n\t\t\t\t<\/div>\n\t\t\t\t<\/div>\n\t\t<div class=\"elementor-element elementor-element-4597515 e-con-full e-flex e-con e-child\" data-id=\"4597515\" data-element_type=\"container\">\n\t\t\t\t<div class=\"elementor-element elementor-element-191fad2 elementor-widget elementor-widget-heading\" data-id=\"191fad2\" data-element_type=\"widget\" data-widget_type=\"heading.default\">\n\t\t\t\t<div class=\"elementor-widget-container\">\n\t\t\t<h3 class=\"elementor-heading-title elementor-size-default\">FRANCISCO JOS\u00c9 ESCALANTE ASENCIO<\/h3>\t\t<\/div>\n\t\t\t\t<\/div>\n\t\t\t\t<div class=\"elementor-element elementor-element-20107a9 elementor-widget elementor-widget-text-editor\" data-id=\"20107a9\" data-element_type=\"widget\" data-widget_type=\"text-editor.default\">\n\t\t\t\t<div class=\"elementor-widget-container\">\n\t\t\t\t\t\t\t<p>Architect from the Polytechnic School of Valencia, specialising in residential building.<br \/><br \/>Member of the Colegio Territorial de Arquitectos de Alicante, he has been practising since 1998 and has worked on all types of buildings: refurbishments, extensions, new builds, refurbishment and improvement of Energy Efficiency.<\/p>\t\t\t\t\t\t<\/div>\n\t\t\t\t<\/div>\n\t\t\t\t<\/div>\n\t\t\t\t<\/div>\n\t\t\t\t\t<\/div>\n\t\t\t\t<\/div>\n\t\t\t\t<\/div>","protected":false},"excerpt":{"rendered":"<p>SOBRE NOSOTROS PERFIL DEL EQUIPO T\u00c9CNICO DeSPAI Arquitectura e Ingenier\u00eda, naci\u00f3 como iniciativa de un equipo de t\u00e9cnicos especializados en el desarrollo de proyectos y actividades englobadas dentro de las infraestructuras civiles y las edificaciones de car\u00e1cter residencial e industrial. Con el paso de los a\u00f1os y la b\u00fasqueda de las mejores opciones, la voluntad [&hellip;]<\/p>","protected":false},"author":1,"featured_media":312,"parent":0,"menu_order":0,"comment_status":"closed","ping_status":"closed","template":"elementor_header_footer","meta":{"_acf_changed":false,"footnotes":""},"class_list":["post-239","page","type-page","status-publish","has-post-thumbnail","hentry"],"acf":[],"yoast_head":"<!-- This site is optimized with the Yoast SEO plugin v23.8 - https:\/\/yoast.com\/wordpress\/plugins\/seo\/ -->\n<title>Nosotros - Despai.net<\/title>\n<meta name=\"description\" content=\"Somos Antonio Campello y Francisco Jose Escalante. Con 20 a\u00f1os de experiencia creamos espacios \u00fanicos, innovadores y funcionales.\" \/>\n<meta name=\"robots\" content=\"index, follow, max-snippet:-1, max-image-preview:large, max-video-preview:-1\" \/>\n<link rel=\"canonical\" href=\"https:\/\/despai.net\/en\/nosotros\/\" \/>\n<meta property=\"og:locale\" content=\"en_GB\" \/>\n<meta property=\"og:type\" content=\"article\" \/>\n<meta property=\"og:title\" content=\"Nosotros - Despai.net\" \/>\n<meta property=\"og:description\" content=\"Somos Antonio Campello y Francisco Jose Escalante. Con 20 a\u00f1os de experiencia creamos espacios \u00fanicos, innovadores y funcionales.\" \/>\n<meta property=\"og:url\" content=\"https:\/\/despai.net\/en\/nosotros\/\" \/>\n<meta property=\"og:site_name\" content=\"Despai.net\" \/>\n<meta property=\"article:modified_time\" content=\"2024-10-31T08:26:25+00:00\" \/>\n<meta property=\"og:image\" content=\"https:\/\/despai.net\/wp-content\/uploads\/2024\/05\/Favicon.png\" \/>\n\t<meta property=\"og:image:width\" content=\"513\" \/>\n\t<meta property=\"og:image:height\" content=\"513\" \/>\n\t<meta property=\"og:image:type\" content=\"image\/png\" \/>\n<meta name=\"twitter:card\" content=\"summary_large_image\" \/>\n<meta name=\"twitter:label1\" content=\"Estimated reading time\" \/>\n\t<meta name=\"twitter:data1\" content=\"2 minutes\" \/>\n<script type=\"application\/ld+json\" class=\"yoast-schema-graph\">{\"@context\":\"https:\/\/schema.org\",\"@graph\":[{\"@type\":\"WebPage\",\"@id\":\"https:\/\/despai.net\/nosotros\/\",\"url\":\"https:\/\/despai.net\/nosotros\/\",\"name\":\"Nosotros - Despai.net\",\"isPartOf\":{\"@id\":\"https:\/\/despai.net\/#website\"},\"primaryImageOfPage\":{\"@id\":\"https:\/\/despai.net\/nosotros\/#primaryimage\"},\"image\":{\"@id\":\"https:\/\/despai.net\/nosotros\/#primaryimage\"},\"thumbnailUrl\":\"https:\/\/despai.net\/wp-content\/uploads\/2024\/05\/Favicon.png\",\"datePublished\":\"2024-05-20T08:31:09+00:00\",\"dateModified\":\"2024-10-31T08:26:25+00:00\",\"description\":\"Somos Antonio Campello y Francisco Jose Escalante. Con 20 a\u00f1os de experiencia creamos espacios \u00fanicos, innovadores y funcionales.\",\"breadcrumb\":{\"@id\":\"https:\/\/despai.net\/nosotros\/#breadcrumb\"},\"inLanguage\":\"en-GB\",\"potentialAction\":[{\"@type\":\"ReadAction\",\"target\":[\"https:\/\/despai.net\/nosotros\/\"]}]},{\"@type\":\"ImageObject\",\"inLanguage\":\"en-GB\",\"@id\":\"https:\/\/despai.net\/nosotros\/#primaryimage\",\"url\":\"https:\/\/despai.net\/wp-content\/uploads\/2024\/05\/Favicon.png\",\"contentUrl\":\"https:\/\/despai.net\/wp-content\/uploads\/2024\/05\/Favicon.png\",\"width\":513,\"height\":513},{\"@type\":\"BreadcrumbList\",\"@id\":\"https:\/\/despai.net\/nosotros\/#breadcrumb\",\"itemListElement\":[{\"@type\":\"ListItem\",\"position\":1,\"name\":\"Portada\",\"item\":\"https:\/\/despai.net\/\"},{\"@type\":\"ListItem\",\"position\":2,\"name\":\"Nosotros\"}]},{\"@type\":\"WebSite\",\"@id\":\"https:\/\/despai.net\/#website\",\"url\":\"https:\/\/despai.net\/\",\"name\":\"Despai.net\",\"description\":\"Arquitectura e ingenier\u00eda\",\"publisher\":{\"@id\":\"https:\/\/despai.net\/#organization\"},\"alternateName\":\"Despai\",\"potentialAction\":[{\"@type\":\"SearchAction\",\"target\":{\"@type\":\"EntryPoint\",\"urlTemplate\":\"https:\/\/despai.net\/?s={search_term_string}\"},\"query-input\":{\"@type\":\"PropertyValueSpecification\",\"valueRequired\":true,\"valueName\":\"search_term_string\"}}],\"inLanguage\":\"en-GB\"},{\"@type\":\"Organization\",\"@id\":\"https:\/\/despai.net\/#organization\",\"name\":\"Despai.net\",\"alternateName\":\"Despai\",\"url\":\"https:\/\/despai.net\/\",\"logo\":{\"@type\":\"ImageObject\",\"inLanguage\":\"en-GB\",\"@id\":\"https:\/\/despai.net\/#\/schema\/logo\/image\/\",\"url\":\"https:\/\/despai.net\/wp-content\/uploads\/2024\/05\/Logo-despai.svg\",\"contentUrl\":\"https:\/\/despai.net\/wp-content\/uploads\/2024\/05\/Logo-despai.svg\",\"width\":591,\"height\":161,\"caption\":\"Despai.net\"},\"image\":{\"@id\":\"https:\/\/despai.net\/#\/schema\/logo\/image\/\"}}]}<\/script>\n<!-- \/ Yoast SEO plugin. -->","yoast_head_json":{"title":"Nosotros - Despai.net","description":"Somos Antonio Campello y Francisco Jose Escalante. Con 20 a\u00f1os de experiencia creamos espacios \u00fanicos, innovadores y funcionales.","robots":{"index":"index","follow":"follow","max-snippet":"max-snippet:-1","max-image-preview":"max-image-preview:large","max-video-preview":"max-video-preview:-1"},"canonical":"https:\/\/despai.net\/en\/nosotros\/","og_locale":"en_GB","og_type":"article","og_title":"Nosotros - Despai.net","og_description":"Somos Antonio Campello y Francisco Jose Escalante. Con 20 a\u00f1os de experiencia creamos espacios \u00fanicos, innovadores y funcionales.","og_url":"https:\/\/despai.net\/en\/nosotros\/","og_site_name":"Despai.net","article_modified_time":"2024-10-31T08:26:25+00:00","og_image":[{"width":513,"height":513,"url":"https:\/\/despai.net\/wp-content\/uploads\/2024\/05\/Favicon.png","type":"image\/png"}],"twitter_card":"summary_large_image","twitter_misc":{"Estimated reading time":"2 minutes"},"schema":{"@context":"https:\/\/schema.org","@graph":[{"@type":"WebPage","@id":"https:\/\/despai.net\/nosotros\/","url":"https:\/\/despai.net\/nosotros\/","name":"Nosotros - Despai.net","isPartOf":{"@id":"https:\/\/despai.net\/#website"},"primaryImageOfPage":{"@id":"https:\/\/despai.net\/nosotros\/#primaryimage"},"image":{"@id":"https:\/\/despai.net\/nosotros\/#primaryimage"},"thumbnailUrl":"https:\/\/despai.net\/wp-content\/uploads\/2024\/05\/Favicon.png","datePublished":"2024-05-20T08:31:09+00:00","dateModified":"2024-10-31T08:26:25+00:00","description":"Somos Antonio Campello y Francisco Jose Escalante. Con 20 a\u00f1os de experiencia creamos espacios \u00fanicos, innovadores y funcionales.","breadcrumb":{"@id":"https:\/\/despai.net\/nosotros\/#breadcrumb"},"inLanguage":"en-GB","potentialAction":[{"@type":"ReadAction","target":["https:\/\/despai.net\/nosotros\/"]}]},{"@type":"ImageObject","inLanguage":"en-GB","@id":"https:\/\/despai.net\/nosotros\/#primaryimage","url":"https:\/\/despai.net\/wp-content\/uploads\/2024\/05\/Favicon.png","contentUrl":"https:\/\/despai.net\/wp-content\/uploads\/2024\/05\/Favicon.png","width":513,"height":513},{"@type":"BreadcrumbList","@id":"https:\/\/despai.net\/nosotros\/#breadcrumb","itemListElement":[{"@type":"ListItem","position":1,"name":"Portada","item":"https:\/\/despai.net\/"},{"@type":"ListItem","position":2,"name":"Nosotros"}]},{"@type":"WebSite","@id":"https:\/\/despai.net\/#website","url":"https:\/\/despai.net\/","name":"Despai.net","description":"Arquitectura e ingenier\u00eda","publisher":{"@id":"https:\/\/despai.net\/#organization"},"alternateName":"Despai","potentialAction":[{"@type":"SearchAction","target":{"@type":"EntryPoint","urlTemplate":"https:\/\/despai.net\/?s={search_term_string}"},"query-input":{"@type":"PropertyValueSpecification","valueRequired":true,"valueName":"search_term_string"}}],"inLanguage":"en-GB"},{"@type":"Organization","@id":"https:\/\/despai.net\/#organization","name":"Despai.net","alternateName":"Despai","url":"https:\/\/despai.net\/","logo":{"@type":"ImageObject","inLanguage":"en-GB","@id":"https:\/\/despai.net\/#\/schema\/logo\/image\/","url":"https:\/\/despai.net\/wp-content\/uploads\/2024\/05\/Logo-despai.svg","contentUrl":"https:\/\/despai.net\/wp-content\/uploads\/2024\/05\/Logo-despai.svg","width":591,"height":161,"caption":"Despai.net"},"image":{"@id":"https:\/\/despai.net\/#\/schema\/logo\/image\/"}}]}},"_links":{"self":[{"href":"https:\/\/despai.net\/en\/wp-json\/wp\/v2\/pages\/239","targetHints":{"allow":["GET"]}}],"collection":[{"href":"https:\/\/despai.net\/en\/wp-json\/wp\/v2\/pages"}],"about":[{"href":"https:\/\/despai.net\/en\/wp-json\/wp\/v2\/types\/page"}],"author":[{"embeddable":true,"href":"https:\/\/despai.net\/en\/wp-json\/wp\/v2\/users\/1"}],"replies":[{"embeddable":true,"href":"https:\/\/despai.net\/en\/wp-json\/wp\/v2\/comments?post=239"}],"version-history":[{"count":74,"href":"https:\/\/despai.net\/en\/wp-json\/wp\/v2\/pages\/239\/revisions"}],"predecessor-version":[{"id":790,"href":"https:\/\/despai.net\/en\/wp-json\/wp\/v2\/pages\/239\/revisions\/790"}],"wp:featuredmedia":[{"embeddable":true,"href":"https:\/\/despai.net\/en\/wp-json\/wp\/v2\/media\/312"}],"wp:attachment":[{"href":"https:\/\/despai.net\/en\/wp-json\/wp\/v2\/media?parent=239"}],"curies":[{"name":"wp","href":"https:\/\/api.w.org\/{rel}","templated":true}]}}