{"id":20,"date":"2024-05-14T09:08:01","date_gmt":"2024-05-14T07:08:01","guid":{"rendered":"http:\/\/pbdiwxf.cluster023.hosting.ovh.net\/?page_id=20"},"modified":"2024-10-31T09:49:20","modified_gmt":"2024-10-31T07:49:20","slug":"despai","status":"publish","type":"page","link":"https:\/\/despai.net\/en\/","title":{"rendered":"DeSpai"},"content":{"rendered":"<div data-elementor-type=\"wp-page\" data-elementor-id=\"20\" class=\"elementor elementor-20\" data-elementor-post-type=\"page\">\n\t\t\t\t<div class=\"elementor-element elementor-element-71a65da e-flex e-con-boxed e-con e-parent\" data-id=\"71a65da\" data-element_type=\"container\" data-settings=\"{&quot;background_background&quot;:&quot;classic&quot;}\">\n\t\t\t\t\t<div class=\"e-con-inner\">\n\t\t<div class=\"elementor-element elementor-element-148ad0f e-con-full e-flex e-con e-child\" data-id=\"148ad0f\" data-element_type=\"container\" data-settings=\"{&quot;background_background&quot;:&quot;classic&quot;,&quot;shape_divider_bottom&quot;:&quot;waves&quot;,&quot;shape_divider_bottom_negative&quot;:&quot;yes&quot;}\">\n\t\t\t\t<div class=\"elementor-shape elementor-shape-bottom\" data-negative=\"true\">\n\t\t\t<svg xmlns=\"http:\/\/www.w3.org\/2000\/svg\" viewbox=\"0 0 1000 100\" preserveaspectratio=\"none\">\n\t<path class=\"elementor-shape-fill\" d=\"M790.5,93.1c-59.3-5.3-116.8-18-192.6-50c-29.6-12.7-76.9-31-100.5-35.9c-23.6-4.9-52.6-7.8-75.5-5.3\tc-10.2,1.1-22.6,1.4-50.1,7.4c-27.2,6.3-58.2,16.6-79.4,24.7c-41.3,15.9-94.9,21.9-134,22.6C72,58.2,0,25.8,0,25.8V100h1000V65.3\tc0,0-51.5,19.4-106.2,25.7C839.5,97,814.1,95.2,790.5,93.1z\"\/>\n<\/svg>\t\t<\/div>\n\t\t<div class=\"elementor-element elementor-element-cdee1c7 e-con-full e-flex e-con e-child\" data-id=\"cdee1c7\" data-element_type=\"container\">\n\t\t<div class=\"elementor-element elementor-element-27bb16f e-con-full e-flex e-con e-child\" data-id=\"27bb16f\" data-element_type=\"container\" data-settings=\"{&quot;background_background&quot;:&quot;classic&quot;}\">\n\t\t\t\t<div class=\"elementor-element elementor-element-1006ab2 elementor-widget elementor-widget-heading\" data-id=\"1006ab2\" data-element_type=\"widget\" data-widget_type=\"heading.default\">\n\t\t\t\t<div class=\"elementor-widget-container\">\n\t\t\t<h2 class=\"elementor-heading-title elementor-size-default\">designing spaces <br>to suit you<\/h2>\t\t<\/div>\n\t\t\t\t<\/div>\n\t\t\t\t<\/div>\n\t\t<div class=\"elementor-element elementor-element-67f7ad7 e-con-full e-flex e-con e-child\" data-id=\"67f7ad7\" data-element_type=\"container\" data-settings=\"{&quot;background_background&quot;:&quot;classic&quot;}\">\n\t\t\t\t<div class=\"elementor-element elementor-element-b5b2466 elementor-widget elementor-widget-text-editor\" data-id=\"b5b2466\" data-element_type=\"widget\" data-widget_type=\"text-editor.default\">\n\t\t\t\t<div class=\"elementor-widget-container\">\n\t\t\t\t\t\t\t<p>DeSPAl is formed by a technical team of Engineers and Architects with proven experience in the sector, whose objectives are the development of Technical Services and Management for projects undertaken in any field of Architecture and Engineering.<\/p>\t\t\t\t\t\t<\/div>\n\t\t\t\t<\/div>\n\t\t\t\t<div class=\"elementor-element elementor-element-7fb4c82 elementor-absolute curva elementor-view-default elementor-widget elementor-widget-icon\" data-id=\"7fb4c82\" data-element_type=\"widget\" data-settings=\"{&quot;_position&quot;:&quot;absolute&quot;}\" data-widget_type=\"icon.default\">\n\t\t\t\t<div class=\"elementor-widget-container\">\n\t\t\t\t\t<div class=\"elementor-icon-wrapper\">\n\t\t\t<div class=\"elementor-icon\">\n\t\t\t<svg xmlns=\"http:\/\/www.w3.org\/2000\/svg\" id=\"Capa_2\" data-name=\"Capa 2\" viewbox=\"0 0 40.1 40.09\"><defs><style>      .cls-1 {        fill: #f0f0f0;        stroke-width: 0px;      }    <\/style><\/defs><g id=\"Objects\"><path class=\"cls-1\" d=\"M40.1,0v40.09H0c22.15,0,40.1-17.95,40.1-40.09Z\"><\/path><\/g><\/svg>\t\t\t<\/div>\n\t\t<\/div>\n\t\t\t\t<\/div>\n\t\t\t\t<\/div>\n\t\t\t\t<div class=\"elementor-element elementor-element-7688bd5 elementor-absolute curva elementor-view-default elementor-widget elementor-widget-icon\" data-id=\"7688bd5\" data-element_type=\"widget\" data-settings=\"{&quot;_position&quot;:&quot;absolute&quot;}\" data-widget_type=\"icon.default\">\n\t\t\t\t<div class=\"elementor-widget-container\">\n\t\t\t\t\t<div class=\"elementor-icon-wrapper\">\n\t\t\t<div class=\"elementor-icon\">\n\t\t\t<svg xmlns=\"http:\/\/www.w3.org\/2000\/svg\" id=\"Capa_2\" data-name=\"Capa 2\" viewbox=\"0 0 40.1 40.09\"><defs><style>      .cls-1 {        fill: #f0f0f0;        stroke-width: 0px;      }    <\/style><\/defs><g id=\"Objects\"><path class=\"cls-1\" d=\"M40.1,0v40.09H0c22.15,0,40.1-17.95,40.1-40.09Z\"><\/path><\/g><\/svg>\t\t\t<\/div>\n\t\t<\/div>\n\t\t\t\t<\/div>\n\t\t\t\t<\/div>\n\t\t\t\t<\/div>\n\t\t\t\t<\/div>\n\t\t\t\t<\/div>\n\t\t\t\t\t<\/div>\n\t\t\t\t<\/div>\n\t\t<div class=\"elementor-element elementor-element-5bc0016 e-con-full e-flex e-con e-parent\" data-id=\"5bc0016\" data-element_type=\"container\" data-settings=\"{&quot;background_background&quot;:&quot;classic&quot;}\">\n\t\t<div class=\"elementor-element elementor-element-2f57bbd e-con-full e-flex e-con e-child\" data-id=\"2f57bbd\" data-element_type=\"container\">\n\t\t<div class=\"elementor-element elementor-element-0ac82bd e-con-full e-flex e-con e-child\" data-id=\"0ac82bd\" data-element_type=\"container\">\n\t\t<div class=\"elementor-element elementor-element-745d8e9 e-con-full e-flex e-con e-child\" data-id=\"745d8e9\" data-element_type=\"container\">\n\t\t\t\t<div class=\"elementor-element elementor-element-1c590e6 elementor-view-default elementor-widget elementor-widget-icon\" data-id=\"1c590e6\" data-element_type=\"widget\" data-widget_type=\"icon.default\">\n\t\t\t\t<div class=\"elementor-widget-container\">\n\t\t\t\t\t<div class=\"elementor-icon-wrapper\">\n\t\t\t<div class=\"elementor-icon\">\n\t\t\t<svg aria-hidden=\"true\" class=\"e-font-icon-svg e-fas-plus\" viewbox=\"0 0 448 512\" xmlns=\"http:\/\/www.w3.org\/2000\/svg\"><path d=\"M416 208H272V64c0-17.67-14.33-32-32-32h-32c-17.67 0-32 14.33-32 32v144H32c-17.67 0-32 14.33-32 32v32c0 17.67 14.33 32 32 32h144v144c0 17.67 14.33 32 32 32h32c17.67 0 32-14.33 32-32V304h144c17.67 0 32-14.33 32-32v-32c0-17.67-14.33-32-32-32z\"><\/path><\/svg>\t\t\t<\/div>\n\t\t<\/div>\n\t\t\t\t<\/div>\n\t\t\t\t<\/div>\n\t\t\t\t<div class=\"elementor-element elementor-element-28a83a8 elementor-widget elementor-widget-heading\" data-id=\"28a83a8\" data-element_type=\"widget\" data-widget_type=\"heading.default\">\n\t\t\t\t<div class=\"elementor-widget-container\">\n\t\t\t<h2 class=\"elementor-heading-title elementor-size-default\">What we do<\/h2>\t\t<\/div>\n\t\t\t\t<\/div>\n\t\t\t\t<\/div>\n\t\t\t\t<div class=\"elementor-element elementor-element-a8e39b6 elementor-widget__width-initial elementor-widget elementor-widget-heading\" data-id=\"a8e39b6\" data-element_type=\"widget\" data-widget_type=\"heading.default\">\n\t\t\t\t<div class=\"elementor-widget-container\">\n\t\t\t<h2 class=\"elementor-heading-title elementor-size-default\">We shape your projects with professionalism and style.<\/h2>\t\t<\/div>\n\t\t\t\t<\/div>\n\t\t\t\t<\/div>\n\t\t<div class=\"elementor-element elementor-element-7f459fa e-flex e-con-boxed e-con e-child\" data-id=\"7f459fa\" data-element_type=\"container\">\n\t\t\t\t\t<div class=\"e-con-inner\">\n\t\t\t\t<div class=\"elementor-element elementor-element-28db35e elementor-widget elementor-widget-text-editor\" data-id=\"28db35e\" data-element_type=\"widget\" data-widget_type=\"text-editor.default\">\n\t\t\t\t<div class=\"elementor-widget-container\">\n\t\t\t\t\t\t\t<p>Architecture and engineering firm with more than 20 years of experience.<\/p><p>Our firm provides a comprehensive service within the real estate world where services relating to the purchase and sale of properties, technical certificates and the opening of businesses throughout the Valencian Community and the Region of Murcia stand out.<\/p><p>We are experts in:<br \/>\u2013 Technical certificates for first or second occupancy<br \/>\u2013 Energy performance certificates<br \/>\u2013 Certificates for the registration of dwellings in the land registry.<\/p><p>If you want to know more about out service, contact with us<\/p>\t\t\t\t\t\t<\/div>\n\t\t\t\t<\/div>\n\t\t\t\t<div class=\"elementor-element elementor-element-fb818d4 elementor-align-left elementor-widget elementor-widget-button\" data-id=\"fb818d4\" data-element_type=\"widget\" data-widget_type=\"button.default\">\n\t\t\t\t<div class=\"elementor-widget-container\">\n\t\t\t\t\t\t\t<div class=\"elementor-button-wrapper\">\n\t\t\t\t\t<a class=\"elementor-button elementor-button-link elementor-size-sm\" href=\"\/en\/servicios\/\">\n\t\t\t\t\t\t<span class=\"elementor-button-content-wrapper\">\n\t\t\t\t\t\t\t\t\t<span class=\"elementor-button-text\">Our services<\/span>\n\t\t\t\t\t<\/span>\n\t\t\t\t\t<\/a>\n\t\t\t\t<\/div>\n\t\t\t\t\t\t<\/div>\n\t\t\t\t<\/div>\n\t\t\t\t\t<\/div>\n\t\t\t\t<\/div>\n\t\t\t\t<\/div>\n\t\t\t\t<\/div>\n\t\t<div class=\"elementor-element elementor-element-ef86d1c e-con-full e-flex e-con e-parent\" data-id=\"ef86d1c\" data-element_type=\"container\" data-settings=\"{&quot;background_background&quot;:&quot;classic&quot;}\">\n\t\t<div class=\"elementor-element elementor-element-20c7b4a e-con-full e-flex e-con e-child\" data-id=\"20c7b4a\" data-element_type=\"container\">\n\t\t<div class=\"elementor-element elementor-element-43e3bb1 e-flex e-con-boxed e-con e-child\" data-id=\"43e3bb1\" data-element_type=\"container\">\n\t\t\t\t\t<div class=\"e-con-inner\">\n\t\t<div class=\"elementor-element elementor-element-ddf877b e-con-full e-flex e-con e-child\" data-id=\"ddf877b\" data-element_type=\"container\" data-settings=\"{&quot;background_background&quot;:&quot;classic&quot;,&quot;shape_divider_bottom&quot;:&quot;waves&quot;,&quot;shape_divider_bottom_negative&quot;:&quot;yes&quot;}\">\n\t\t\t\t<div class=\"elementor-shape elementor-shape-bottom\" data-negative=\"true\">\n\t\t\t<svg xmlns=\"http:\/\/www.w3.org\/2000\/svg\" viewbox=\"0 0 1000 100\" preserveaspectratio=\"none\">\n\t<path class=\"elementor-shape-fill\" d=\"M790.5,93.1c-59.3-5.3-116.8-18-192.6-50c-29.6-12.7-76.9-31-100.5-35.9c-23.6-4.9-52.6-7.8-75.5-5.3\tc-10.2,1.1-22.6,1.4-50.1,7.4c-27.2,6.3-58.2,16.6-79.4,24.7c-41.3,15.9-94.9,21.9-134,22.6C72,58.2,0,25.8,0,25.8V100h1000V65.3\tc0,0-51.5,19.4-106.2,25.7C839.5,97,814.1,95.2,790.5,93.1z\"\/>\n<\/svg>\t\t<\/div>\n\t\t<div class=\"elementor-element elementor-element-ff260d3 e-con-full e-flex e-con e-child\" data-id=\"ff260d3\" data-element_type=\"container\">\n\t\t<div class=\"elementor-element elementor-element-f27c5fa e-con-full e-flex e-con e-child\" data-id=\"f27c5fa\" data-element_type=\"container\" data-settings=\"{&quot;background_background&quot;:&quot;classic&quot;}\">\n\t\t\t\t<div class=\"elementor-element elementor-element-1e90c00 elementor-widget elementor-widget-heading\" data-id=\"1e90c00\" data-element_type=\"widget\" data-widget_type=\"heading.default\">\n\t\t\t\t<div class=\"elementor-widget-container\">\n\t\t\t<h2 class=\"elementor-heading-title elementor-size-default\">Contact <br>\nWith Us<\/h2>\t\t<\/div>\n\t\t\t\t<\/div>\n\t\t\t\t<\/div>\n\t\t<div class=\"elementor-element elementor-element-5712d15 e-con-full e-flex e-con e-child\" data-id=\"5712d15\" data-element_type=\"container\" data-settings=\"{&quot;background_background&quot;:&quot;classic&quot;}\">\n\t\t\t\t<div class=\"elementor-element elementor-element-2cd8aa8 elementor-absolute curva elementor-view-default elementor-widget elementor-widget-icon\" data-id=\"2cd8aa8\" data-element_type=\"widget\" data-settings=\"{&quot;_position&quot;:&quot;absolute&quot;}\" data-widget_type=\"icon.default\">\n\t\t\t\t<div class=\"elementor-widget-container\">\n\t\t\t\t\t<div class=\"elementor-icon-wrapper\">\n\t\t\t<div class=\"elementor-icon\">\n\t\t\t<svg xmlns=\"http:\/\/www.w3.org\/2000\/svg\" id=\"Capa_2\" data-name=\"Capa 2\" viewbox=\"0 0 40.1 40.09\"><defs><style>      .cls-1 {        fill: #f0f0f0;        stroke-width: 0px;      }    <\/style><\/defs><g id=\"Objects\"><path class=\"cls-1\" d=\"M40.1,0v40.09H0c22.15,0,40.1-17.95,40.1-40.09Z\"><\/path><\/g><\/svg>\t\t\t<\/div>\n\t\t<\/div>\n\t\t\t\t<\/div>\n\t\t\t\t<\/div>\n\t\t\t\t<div class=\"elementor-element elementor-element-e3586de elementor-absolute curva elementor-view-default elementor-widget elementor-widget-icon\" data-id=\"e3586de\" data-element_type=\"widget\" data-settings=\"{&quot;_position&quot;:&quot;absolute&quot;}\" data-widget_type=\"icon.default\">\n\t\t\t\t<div class=\"elementor-widget-container\">\n\t\t\t\t\t<div class=\"elementor-icon-wrapper\">\n\t\t\t<div class=\"elementor-icon\">\n\t\t\t<svg xmlns=\"http:\/\/www.w3.org\/2000\/svg\" id=\"Capa_2\" data-name=\"Capa 2\" viewbox=\"0 0 40.1 40.09\"><defs><style>      .cls-1 {        fill: #f0f0f0;        stroke-width: 0px;      }    <\/style><\/defs><g id=\"Objects\"><path class=\"cls-1\" d=\"M40.1,0v40.09H0c22.15,0,40.1-17.95,40.1-40.09Z\"><\/path><\/g><\/svg>\t\t\t<\/div>\n\t\t<\/div>\n\t\t\t\t<\/div>\n\t\t\t\t<\/div>\n\t\t\t\t<\/div>\n\t\t\t\t<\/div>\n\t\t\t\t<\/div>\n\t\t\t\t\t<\/div>\n\t\t\t\t<\/div>\n\t\t<div class=\"elementor-element elementor-element-206dd54 e-flex e-con-boxed e-con e-child\" data-id=\"206dd54\" data-element_type=\"container\">\n\t\t\t\t\t<div class=\"e-con-inner\">\n\t\t<div class=\"elementor-element elementor-element-d8e393b e-con-full e-flex e-con e-child\" data-id=\"d8e393b\" data-element_type=\"container\" data-settings=\"{&quot;background_background&quot;:&quot;classic&quot;}\">\n\t\t\t\t<div class=\"elementor-element elementor-element-e288e5a elementor-widget__width-inherit elementor-widget elementor-widget-text-editor\" data-id=\"e288e5a\" data-element_type=\"widget\" data-widget_type=\"text-editor.default\">\n\t\t\t\t<div class=\"elementor-widget-container\">\n\t\t\t\t\t\t\t<p>Contact us through the following means, in the way that is most convenient for you. We offer you facilities so that you can tell us about your project.<\/p>\t\t\t\t\t\t<\/div>\n\t\t\t\t<\/div>\n\t\t\t\t<div class=\"elementor-element elementor-element-ad9926b elementor-align-center elementor-icon-list--layout-inline elementor-list-item-link-full_width elementor-widget elementor-widget-icon-list\" data-id=\"ad9926b\" data-element_type=\"widget\" data-widget_type=\"icon-list.default\">\n\t\t\t\t<div class=\"elementor-widget-container\">\n\t\t\t\t\t<ul class=\"elementor-icon-list-items elementor-inline-items\">\n\t\t\t\t\t\t\t<li class=\"elementor-icon-list-item elementor-inline-item\">\n\t\t\t\t\t\t\t\t\t\t\t<span class=\"elementor-icon-list-icon\">\n\t\t\t\t\t\t\t<svg aria-hidden=\"true\" class=\"e-font-icon-svg e-fas-envelope\" viewbox=\"0 0 512 512\" xmlns=\"http:\/\/www.w3.org\/2000\/svg\"><path d=\"M502.3 190.8c3.9-3.1 9.7-.2 9.7 4.7V400c0 26.5-21.5 48-48 48H48c-26.5 0-48-21.5-48-48V195.6c0-5 5.7-7.8 9.7-4.7 22.4 17.4 52.1 39.5 154.1 113.6 21.1 15.4 56.7 47.8 92.2 47.6 35.7.3 72-32.8 92.3-47.6 102-74.1 131.6-96.3 154-113.7zM256 320c23.2.4 56.6-29.2 73.4-41.4 132.7-96.3 142.8-104.7 173.4-128.7 5.8-4.5 9.2-11.5 9.2-18.9v-19c0-26.5-21.5-48-48-48H48C21.5 64 0 85.5 0 112v19c0 7.4 3.4 14.3 9.2 18.9 30.6 23.9 40.7 32.4 173.4 128.7 16.8 12.2 50.2 41.8 73.4 41.4z\"><\/path><\/svg>\t\t\t\t\t\t<\/span>\n\t\t\t\t\t\t\t\t\t\t<span class=\"elementor-icon-list-text\">contacto@despai.net<\/span>\n\t\t\t\t\t\t\t\t\t<\/li>\n\t\t\t\t\t\t\t\t<li class=\"elementor-icon-list-item elementor-inline-item\">\n\t\t\t\t\t\t\t\t\t\t\t<span class=\"elementor-icon-list-icon\">\n\t\t\t\t\t\t\t<svg aria-hidden=\"true\" class=\"e-font-icon-svg e-fas-phone-alt\" viewbox=\"0 0 512 512\" xmlns=\"http:\/\/www.w3.org\/2000\/svg\"><path d=\"M497.39 361.8l-112-48a24 24 0 0 0-28 6.9l-49.6 60.6A370.66 370.66 0 0 1 130.6 204.11l60.6-49.6a23.94 23.94 0 0 0 6.9-28l-48-112A24.16 24.16 0 0 0 122.6.61l-104 24A24 24 0 0 0 0 48c0 256.5 207.9 464 464 464a24 24 0 0 0 23.4-18.6l24-104a24.29 24.29 0 0 0-14.01-27.6z\"><\/path><\/svg>\t\t\t\t\t\t<\/span>\n\t\t\t\t\t\t\t\t\t\t<span class=\"elementor-icon-list-text\">865 52 11 37<\/span>\n\t\t\t\t\t\t\t\t\t<\/li>\n\t\t\t\t\t\t\t\t<li class=\"elementor-icon-list-item elementor-inline-item\">\n\t\t\t\t\t\t\t\t\t\t\t<span class=\"elementor-icon-list-icon\">\n\t\t\t\t\t\t\t<svg aria-hidden=\"true\" class=\"e-font-icon-svg e-fas-phone-alt\" viewbox=\"0 0 512 512\" xmlns=\"http:\/\/www.w3.org\/2000\/svg\"><path d=\"M497.39 361.8l-112-48a24 24 0 0 0-28 6.9l-49.6 60.6A370.66 370.66 0 0 1 130.6 204.11l60.6-49.6a23.94 23.94 0 0 0 6.9-28l-48-112A24.16 24.16 0 0 0 122.6.61l-104 24A24 24 0 0 0 0 48c0 256.5 207.9 464 464 464a24 24 0 0 0 23.4-18.6l24-104a24.29 24.29 0 0 0-14.01-27.6z\"><\/path><\/svg>\t\t\t\t\t\t<\/span>\n\t\t\t\t\t\t\t\t\t\t<span class=\"elementor-icon-list-text\">616 94 20 81<\/span>\n\t\t\t\t\t\t\t\t\t<\/li>\n\t\t\t\t\t\t<\/ul>\n\t\t\t\t<\/div>\n\t\t\t\t<\/div>\n\t\t\t\t<div class=\"elementor-element elementor-element-306040a elementor-align-right elementor-widget elementor-widget-button\" data-id=\"306040a\" data-element_type=\"widget\" data-widget_type=\"button.default\">\n\t\t\t\t<div class=\"elementor-widget-container\">\n\t\t\t\t\t\t\t<div class=\"elementor-button-wrapper\">\n\t\t\t\t\t<a class=\"elementor-button elementor-button-link elementor-size-sm\" href=\"\/en\/contacto\/\">\n\t\t\t\t\t\t<span class=\"elementor-button-content-wrapper\">\n\t\t\t\t\t\t\t\t\t<span class=\"elementor-button-text\">CONTACTO<\/span>\n\t\t\t\t\t<\/span>\n\t\t\t\t\t<\/a>\n\t\t\t\t<\/div>\n\t\t\t\t\t\t<\/div>\n\t\t\t\t<\/div>\n\t\t\t\t<\/div>\n\t\t\t\t\t<\/div>\n\t\t\t\t<\/div>\n\t\t\t\t<\/div>\n\t\t\t\t<\/div>\n\t\t\t\t<\/div>","protected":false},"excerpt":{"rendered":"<p>DISE\u00d1ANDO ESPACIOS A TU MEDIDA DeSPAl est\u00e1 formada por un equipo t\u00e9cnico de Ingenieros y Arquitectos con demostrada experiencia en el sector, cuyos objetivos son el desarrollo de Servicios T\u00e9cnicos y Gesti\u00f3n para los proyectos que se acometan en cualquier \u00e1mbito de la Arquitectura e Ingenier\u00eda. LO QUE HACEMOS Damos forma a tus proyectos con [&hellip;]<\/p>","protected":false},"author":1,"featured_media":312,"parent":0,"menu_order":0,"comment_status":"closed","ping_status":"closed","template":"elementor_header_footer","meta":{"_acf_changed":false,"footnotes":""},"class_list":["post-20","page","type-page","status-publish","has-post-thumbnail","hentry"],"acf":[],"yoast_head":"<!-- This site is optimized with the Yoast SEO plugin v23.8 - https:\/\/yoast.com\/wordpress\/plugins\/seo\/ -->\n<title>DeSpai - Despai.net<\/title>\n<meta name=\"description\" content=\"DeSPAl est\u00e1 formada por un equipo t\u00e9cnico de Ingenieros y arquitectos con demostrada experiencia para dise\u00f1ar espacios a tu medida.\" \/>\n<meta name=\"robots\" content=\"index, follow, max-snippet:-1, max-image-preview:large, max-video-preview:-1\" \/>\n<link rel=\"canonical\" href=\"https:\/\/despai.net\/en\/\" \/>\n<meta property=\"og:locale\" content=\"en_GB\" \/>\n<meta property=\"og:type\" content=\"article\" \/>\n<meta property=\"og:title\" content=\"DeSpai - Despai.net\" \/>\n<meta property=\"og:description\" content=\"DeSPAl est\u00e1 formada por un equipo t\u00e9cnico de Ingenieros y arquitectos con demostrada experiencia para dise\u00f1ar espacios a tu medida.\" \/>\n<meta property=\"og:url\" content=\"https:\/\/despai.net\/en\/\" \/>\n<meta property=\"og:site_name\" content=\"Despai.net\" \/>\n<meta property=\"article:modified_time\" content=\"2024-10-31T07:49:20+00:00\" \/>\n<meta property=\"og:image\" content=\"https:\/\/despai.net\/wp-content\/uploads\/2024\/05\/Favicon.png\" \/>\n\t<meta property=\"og:image:width\" content=\"513\" \/>\n\t<meta property=\"og:image:height\" content=\"513\" \/>\n\t<meta property=\"og:image:type\" content=\"image\/png\" \/>\n<meta name=\"twitter:card\" content=\"summary_large_image\" \/>\n<meta name=\"twitter:label1\" content=\"Estimated reading time\" \/>\n\t<meta name=\"twitter:data1\" content=\"1 minute\" \/>\n<script type=\"application\/ld+json\" class=\"yoast-schema-graph\">{\"@context\":\"https:\/\/schema.org\",\"@graph\":[{\"@type\":\"WebPage\",\"@id\":\"https:\/\/despai.net\/\",\"url\":\"https:\/\/despai.net\/\",\"name\":\"DeSpai - Despai.net\",\"isPartOf\":{\"@id\":\"https:\/\/despai.net\/#website\"},\"primaryImageOfPage\":{\"@id\":\"https:\/\/despai.net\/#primaryimage\"},\"image\":{\"@id\":\"https:\/\/despai.net\/#primaryimage\"},\"thumbnailUrl\":\"https:\/\/despai.net\/wp-content\/uploads\/2024\/05\/Favicon.png\",\"datePublished\":\"2024-05-14T07:08:01+00:00\",\"dateModified\":\"2024-10-31T07:49:20+00:00\",\"description\":\"DeSPAl est\u00e1 formada por un equipo t\u00e9cnico de Ingenieros y arquitectos con demostrada experiencia para dise\u00f1ar espacios a tu medida.\",\"breadcrumb\":{\"@id\":\"https:\/\/despai.net\/#breadcrumb\"},\"inLanguage\":\"en-GB\",\"potentialAction\":[{\"@type\":\"ReadAction\",\"target\":[\"https:\/\/despai.net\/\"]}]},{\"@type\":\"ImageObject\",\"inLanguage\":\"en-GB\",\"@id\":\"https:\/\/despai.net\/#primaryimage\",\"url\":\"https:\/\/despai.net\/wp-content\/uploads\/2024\/05\/Favicon.png\",\"contentUrl\":\"https:\/\/despai.net\/wp-content\/uploads\/2024\/05\/Favicon.png\",\"width\":513,\"height\":513},{\"@type\":\"BreadcrumbList\",\"@id\":\"https:\/\/despai.net\/#breadcrumb\",\"itemListElement\":[{\"@type\":\"ListItem\",\"position\":1,\"name\":\"Portada\",\"item\":\"https:\/\/despai.net\/\"},{\"@type\":\"ListItem\",\"position\":2,\"name\":\"DeSpai\"}]},{\"@type\":\"WebSite\",\"@id\":\"https:\/\/despai.net\/#website\",\"url\":\"https:\/\/despai.net\/\",\"name\":\"Despai.net\",\"description\":\"Arquitectura e ingenier\u00eda\",\"publisher\":{\"@id\":\"https:\/\/despai.net\/#organization\"},\"alternateName\":\"Despai\",\"potentialAction\":[{\"@type\":\"SearchAction\",\"target\":{\"@type\":\"EntryPoint\",\"urlTemplate\":\"https:\/\/despai.net\/?s={search_term_string}\"},\"query-input\":{\"@type\":\"PropertyValueSpecification\",\"valueRequired\":true,\"valueName\":\"search_term_string\"}}],\"inLanguage\":\"en-GB\"},{\"@type\":\"Organization\",\"@id\":\"https:\/\/despai.net\/#organization\",\"name\":\"Despai.net\",\"alternateName\":\"Despai\",\"url\":\"https:\/\/despai.net\/\",\"logo\":{\"@type\":\"ImageObject\",\"inLanguage\":\"en-GB\",\"@id\":\"https:\/\/despai.net\/#\/schema\/logo\/image\/\",\"url\":\"https:\/\/despai.net\/wp-content\/uploads\/2024\/05\/Logo-despai.svg\",\"contentUrl\":\"https:\/\/despai.net\/wp-content\/uploads\/2024\/05\/Logo-despai.svg\",\"width\":591,\"height\":161,\"caption\":\"Despai.net\"},\"image\":{\"@id\":\"https:\/\/despai.net\/#\/schema\/logo\/image\/\"}}]}<\/script>\n<!-- \/ Yoast SEO plugin. -->","yoast_head_json":{"title":"DeSpai - Despai.net","description":"DeSPAl est\u00e1 formada por un equipo t\u00e9cnico de Ingenieros y arquitectos con demostrada experiencia para dise\u00f1ar espacios a tu medida.","robots":{"index":"index","follow":"follow","max-snippet":"max-snippet:-1","max-image-preview":"max-image-preview:large","max-video-preview":"max-video-preview:-1"},"canonical":"https:\/\/despai.net\/en\/","og_locale":"en_GB","og_type":"article","og_title":"DeSpai - Despai.net","og_description":"DeSPAl est\u00e1 formada por un equipo t\u00e9cnico de Ingenieros y arquitectos con demostrada experiencia para dise\u00f1ar espacios a tu medida.","og_url":"https:\/\/despai.net\/en\/","og_site_name":"Despai.net","article_modified_time":"2024-10-31T07:49:20+00:00","og_image":[{"width":513,"height":513,"url":"https:\/\/despai.net\/wp-content\/uploads\/2024\/05\/Favicon.png","type":"image\/png"}],"twitter_card":"summary_large_image","twitter_misc":{"Estimated reading time":"1 minute"},"schema":{"@context":"https:\/\/schema.org","@graph":[{"@type":"WebPage","@id":"https:\/\/despai.net\/","url":"https:\/\/despai.net\/","name":"DeSpai - Despai.net","isPartOf":{"@id":"https:\/\/despai.net\/#website"},"primaryImageOfPage":{"@id":"https:\/\/despai.net\/#primaryimage"},"image":{"@id":"https:\/\/despai.net\/#primaryimage"},"thumbnailUrl":"https:\/\/despai.net\/wp-content\/uploads\/2024\/05\/Favicon.png","datePublished":"2024-05-14T07:08:01+00:00","dateModified":"2024-10-31T07:49:20+00:00","description":"DeSPAl est\u00e1 formada por un equipo t\u00e9cnico de Ingenieros y arquitectos con demostrada experiencia para dise\u00f1ar espacios a tu medida.","breadcrumb":{"@id":"https:\/\/despai.net\/#breadcrumb"},"inLanguage":"en-GB","potentialAction":[{"@type":"ReadAction","target":["https:\/\/despai.net\/"]}]},{"@type":"ImageObject","inLanguage":"en-GB","@id":"https:\/\/despai.net\/#primaryimage","url":"https:\/\/despai.net\/wp-content\/uploads\/2024\/05\/Favicon.png","contentUrl":"https:\/\/despai.net\/wp-content\/uploads\/2024\/05\/Favicon.png","width":513,"height":513},{"@type":"BreadcrumbList","@id":"https:\/\/despai.net\/#breadcrumb","itemListElement":[{"@type":"ListItem","position":1,"name":"Portada","item":"https:\/\/despai.net\/"},{"@type":"ListItem","position":2,"name":"DeSpai"}]},{"@type":"WebSite","@id":"https:\/\/despai.net\/#website","url":"https:\/\/despai.net\/","name":"Despai.net","description":"Arquitectura e ingenier\u00eda","publisher":{"@id":"https:\/\/despai.net\/#organization"},"alternateName":"Despai","potentialAction":[{"@type":"SearchAction","target":{"@type":"EntryPoint","urlTemplate":"https:\/\/despai.net\/?s={search_term_string}"},"query-input":{"@type":"PropertyValueSpecification","valueRequired":true,"valueName":"search_term_string"}}],"inLanguage":"en-GB"},{"@type":"Organization","@id":"https:\/\/despai.net\/#organization","name":"Despai.net","alternateName":"Despai","url":"https:\/\/despai.net\/","logo":{"@type":"ImageObject","inLanguage":"en-GB","@id":"https:\/\/despai.net\/#\/schema\/logo\/image\/","url":"https:\/\/despai.net\/wp-content\/uploads\/2024\/05\/Logo-despai.svg","contentUrl":"https:\/\/despai.net\/wp-content\/uploads\/2024\/05\/Logo-despai.svg","width":591,"height":161,"caption":"Despai.net"},"image":{"@id":"https:\/\/despai.net\/#\/schema\/logo\/image\/"}}]}},"_links":{"self":[{"href":"https:\/\/despai.net\/en\/wp-json\/wp\/v2\/pages\/20","targetHints":{"allow":["GET"]}}],"collection":[{"href":"https:\/\/despai.net\/en\/wp-json\/wp\/v2\/pages"}],"about":[{"href":"https:\/\/despai.net\/en\/wp-json\/wp\/v2\/types\/page"}],"author":[{"embeddable":true,"href":"https:\/\/despai.net\/en\/wp-json\/wp\/v2\/users\/1"}],"replies":[{"embeddable":true,"href":"https:\/\/despai.net\/en\/wp-json\/wp\/v2\/comments?post=20"}],"version-history":[{"count":272,"href":"https:\/\/despai.net\/en\/wp-json\/wp\/v2\/pages\/20\/revisions"}],"predecessor-version":[{"id":799,"href":"https:\/\/despai.net\/en\/wp-json\/wp\/v2\/pages\/20\/revisions\/799"}],"wp:featuredmedia":[{"embeddable":true,"href":"https:\/\/despai.net\/en\/wp-json\/wp\/v2\/media\/312"}],"wp:attachment":[{"href":"https:\/\/despai.net\/en\/wp-json\/wp\/v2\/media?parent=20"}],"curies":[{"name":"wp","href":"https:\/\/api.w.org\/{rel}","templated":true}]}}